{"id":6199,"date":"2021-10-18T12:48:59","date_gmt":"2021-10-18T15:48:59","guid":{"rendered":"https:\/\/hcdvillademerlo.com\/?page_id=6199"},"modified":"2022-09-12T10:57:37","modified_gmt":"2022-09-12T13:57:37","slug":"ordenanzas-2021","status":"publish","type":"page","link":"https:\/\/hcdvillademerlo.com\/index.php\/ordenanzas-por-ano\/ordenanzas-2021\/","title":{"rendered":"Ordenanzas 2021"},"content":{"rendered":"\n<p class=\"texto-aviso-ordenanzas\"><i class=\"fa fa-info-circle\"><\/i> La publicaci\u00f3n de los textos aprobados en Sesi\u00f3n, no conlleva a una homologaci\u00f3n del Ejecutivo Municipal.<\/p>\n\n\n\n<h3 class=\"has-text-align-center wp-block-heading\">Ordenanzas &#8211; 2021<\/h3>\n\n\n\n<hr class=\"wp-block-separator\"\/>\n\n\n<ul class=\"wp-block-latest-posts__list wp-block-latest-posts\"><li><a class=\"wp-block-latest-posts__post-title\" href=\"https:\/\/hcdvillademerlo.com\/index.php\/2022\/02\/01\/ordenanza-n-vii-1028-hcd-2021\/\">ORDENANZA N\u00b0 VII-1028- HCD-2021 &#8211; TARIFARIA 2022<\/a><div class=\"wp-block-latest-posts__post-excerpt\">TARIFARIA 2022<\/div><\/li>\n<li><a class=\"wp-block-latest-posts__post-title\" href=\"https:\/\/hcdvillademerlo.com\/index.php\/2022\/02\/01\/ordenanza-n-vii-1027-hcd-2021\/\">ORDENANZA N\u00b0 VII-1027-HCD-2021 &#8211; ACTUALIZA MONTOS DE CONTRATACI\u00d3N<\/a><div class=\"wp-block-latest-posts__post-excerpt\">&#8220;ACTUALIZA MONTOS DE CONTRATACI\u00d3N&#8221;<\/div><\/li>\n<li><a class=\"wp-block-latest-posts__post-title\" href=\"https:\/\/hcdvillademerlo.com\/index.php\/2021\/12\/17\/ordenanza-n-x-1024-hcd-2021\/\">ORDENANZA N\u00b0 X-1024-HCD-2021 &#8211; INSTAURAR EL D\u00cdA DEL HIMNO A MERLO<\/a><div class=\"wp-block-latest-posts__post-excerpt\">INSTAURAR EL D\u00cdA DEL HIMNO A MERLO<\/div><\/li>\n<li><a class=\"wp-block-latest-posts__post-title\" href=\"https:\/\/hcdvillademerlo.com\/index.php\/2021\/12\/17\/ordenanza-n-vii-1023-hcd-2021\/\">ORDENANZA N\u00b0 VII-1023-HCD-2021 &#8211; AUTORIZA TARIFAS DE TAXIS<\/a><div class=\"wp-block-latest-posts__post-excerpt\">AUTORIZA TARIFAS DE TAXIS<\/div><\/li>\n<li><a class=\"wp-block-latest-posts__post-title\" href=\"https:\/\/hcdvillademerlo.com\/index.php\/2021\/12\/17\/ordenanza-n-xi-1022-hcd-2021\/\">ORDENANZA N\u00b0 XI-1022-HCD-2021 &#8211; AUTORIZA INT. MUN. JUICIO U.N.S.L<\/a><div class=\"wp-block-latest-posts__post-excerpt\">AUTORIZA INT. MUN. JUICIO U.N.S.L<\/div><\/li>\n<li><a class=\"wp-block-latest-posts__post-title\" href=\"https:\/\/hcdvillademerlo.com\/index.php\/2021\/12\/17\/ordenanza-n-xi-1021-hcd-2021\/\">ORDENANZA N\u00b0 XI-1021-HCD-2021 &#8211; AUTORIZAR A INTENDENTE CR\u00c9DITO CON BCO. NACI\u00d3N<\/a><div class=\"wp-block-latest-posts__post-excerpt\">AUTORIZAR A INTENDENTE CR\u00c9DITO CON BCO. NACI\u00d3N<\/div><\/li>\n<li><a class=\"wp-block-latest-posts__post-title\" href=\"https:\/\/hcdvillademerlo.com\/index.php\/2021\/12\/09\/ordenanza-n-viii-1020-hcd-2021\/\">ORDENANZA N\u00b0 VIII-1020-HCD-2021 &#8211; BANCO DE TIERRAS E INMUEBLES<\/a><div class=\"wp-block-latest-posts__post-excerpt\">BANCO DE TIERRAS E INMUEBLES<\/div><\/li>\n<li><a class=\"wp-block-latest-posts__post-title\" href=\"https:\/\/hcdvillademerlo.com\/index.php\/2021\/12\/09\/ordenanza-n-vii-1019-hcd-2021\/\">ORDENANZA N\u00b0 VII-1019-HCD-2021 &#8211; CUADRO DE TARIFAS SERVICIO DE TRANSPORTE P\u00daBLICO<\/a><div class=\"wp-block-latest-posts__post-excerpt\">CUADRO DE TARIFAS SERVICIO DE TRANSPORTE P\u00daBLICO<\/div><\/li>\n<li><a class=\"wp-block-latest-posts__post-title\" href=\"https:\/\/hcdvillademerlo.com\/index.php\/2021\/12\/09\/ordenanza-n-ii-1017-hcd-2021\/\">ORDENANZA N\u00b0 II-1017-HCD-2021 &#8211; D\u00cdA MUNDIAL DE LA DIABETES<\/a><div class=\"wp-block-latest-posts__post-excerpt\">D\u00cdA MUNDIAL DE LA DIABETES<\/div><\/li>\n<li><a class=\"wp-block-latest-posts__post-title\" href=\"https:\/\/hcdvillademerlo.com\/index.php\/2021\/11\/17\/ordenanza-n-vii-1016-hcd-2021\/\">ORDENANZA N\u00b0 VII-1016-HCD-2021 &#8211; AUTORIZA CUADRO DE TARIFAS DE SERVICIO DE REMIS<\/a><div class=\"wp-block-latest-posts__post-excerpt\">AUTORIZA CUADRO DE TARIFAS DE SERVICIO DE REMIS<\/div><\/li>\n<li><a class=\"wp-block-latest-posts__post-title\" href=\"https:\/\/hcdvillademerlo.com\/index.php\/2021\/11\/16\/ordenanza-n-viii-1015-hcd-2021\/\">ORDENANZA N\u00b0 VIII-1015-HCD-2021 &#8211; DESIGNA NOMBRE CALLE JULIO CORTAZAR<\/a><div class=\"wp-block-latest-posts__post-excerpt\">DESIGNA NOMBRE CALLE JULIO CORTAZAR<\/div><\/li>\n<li><a class=\"wp-block-latest-posts__post-title\" href=\"https:\/\/hcdvillademerlo.com\/index.php\/2021\/11\/15\/ordenanza-n-vii-1013-hcd-2021\/\">ORDENANZA N\u00b0 VII-1013-HCD-2021 &#8211; COSTA MURTA<\/a><div class=\"wp-block-latest-posts__post-excerpt\">COSTA MURTA<\/div><\/li>\n<li><a class=\"wp-block-latest-posts__post-title\" href=\"https:\/\/hcdvillademerlo.com\/index.php\/2021\/11\/15\/ordenanza-n-ix-1012-hcd-2021\/\">ORDENANZA N\u00b0 IX-1012-HCD-2021 &#8211; AUTORIZA COMPRA RODILLO COMPACTADOR<\/a><div class=\"wp-block-latest-posts__post-excerpt\">AUTORIZA COMPRA RODILLO COMPACTADOR<\/div><\/li>\n<li><a class=\"wp-block-latest-posts__post-title\" href=\"https:\/\/hcdvillademerlo.com\/index.php\/2021\/11\/15\/ordenanza-n-vii-1011-hcd-2021\/\">ORDENANZA N\u00b0 VII-1011-HCD-2021 &#8211; ADHIERE A PR\u00c9STAMOS PARA MUNICIPALES<\/a><div class=\"wp-block-latest-posts__post-excerpt\">ADHIERE A PR\u00c9STAMOS PARA MUNICIPALES<\/div><\/li>\n<li><a class=\"wp-block-latest-posts__post-title\" href=\"https:\/\/hcdvillademerlo.com\/index.php\/2021\/11\/15\/ordenanza-n-1010-hcd-2021\/\">ORDENANZA N\u00b0 II-1010-HCD-2021 &#8211; D\u00cdA DEL CORAZ\u00d3N<\/a><div class=\"wp-block-latest-posts__post-excerpt\">D\u00cdA DEL CORAZ\u00d3N<\/div><\/li>\n<li><a class=\"wp-block-latest-posts__post-title\" href=\"https:\/\/hcdvillademerlo.com\/index.php\/2021\/11\/15\/ordenanza-n-vii-1009-hcd-2021\/\">ORDENANZA N\u00b0 VII-1009-HCD-2021 &#8211; INCORPORAR EN TARIFARIA TASAS AMBIENTALES<\/a><div class=\"wp-block-latest-posts__post-excerpt\">INCORPORAR EN TARIFARIA TASAS AMBIENTALES<\/div><\/li>\n<li><a class=\"wp-block-latest-posts__post-title\" href=\"https:\/\/hcdvillademerlo.com\/index.php\/2021\/10\/18\/ordenanza-n-vii-1008-hcd-2021\/\">ORDENANZA N\u00b0 VII-1008-HCD-2021 &#8211; COMPRA MOTONIVELADORA<\/a><div class=\"wp-block-latest-posts__post-excerpt\">COMPRA MOTONIVELADORA<\/div><\/li>\n<li><a class=\"wp-block-latest-posts__post-title\" href=\"https:\/\/hcdvillademerlo.com\/index.php\/2021\/10\/18\/ordenanza-n-viii-1006-hcd-2021\/\">ORDENANZA N\u00b0 VIII-1006-HCD-2021 &#8211; DEROGA 1188<\/a><div class=\"wp-block-latest-posts__post-excerpt\">DEROGA 1188<\/div><\/li>\n<li><a class=\"wp-block-latest-posts__post-title\" href=\"https:\/\/hcdvillademerlo.com\/index.php\/2021\/10\/18\/ordenanza-n-viii-1005-hcd-2021\/\">ORDENANZA N\u00b0 VIII-1005-HCD-2021 &#8211; DEROGA INC. D 917<\/a><div class=\"wp-block-latest-posts__post-excerpt\">DEROGA INC. D 917<\/div><\/li>\n<li><a class=\"wp-block-latest-posts__post-title\" href=\"https:\/\/hcdvillademerlo.com\/index.php\/2021\/10\/18\/ordenanza-n-vii-1004-2021\/\">ORDENANZA N\u00b0 VII-1004-2021 &#8211; DEROGA PAGO Y ADHESI\u00d3N VOLUNTARIO<\/a><div class=\"wp-block-latest-posts__post-excerpt\">DEROGA PAGO Y ADHESI\u00d3N VOLUNTARIO<\/div><\/li>\n<li><a class=\"wp-block-latest-posts__post-title\" href=\"https:\/\/hcdvillademerlo.com\/index.php\/2021\/10\/18\/ordenanza-no-ii-1003-hcd-2021\/\">ORDENANZA N\u00ba II-1003-HCD-2021 &#8211; D\u00cdA MUNDIAL ENDOMETRIOSIS<\/a><div class=\"wp-block-latest-posts__post-excerpt\">D\u00cdA MUNDIAL ENDOMETRIOSIS<\/div><\/li>\n<li><a class=\"wp-block-latest-posts__post-title\" href=\"https:\/\/hcdvillademerlo.com\/index.php\/2021\/10\/18\/ordenanza-nx-1002-hcd-2021\/\">ORDENANZA N\u00b0 X-1002-HCD-2021 &#8211; INSTITUYESE D\u00cdA MUNDIAL L.G.B.T.I.Q.+<\/a><div class=\"wp-block-latest-posts__post-excerpt\">INSTITUYESE D\u00cdA MUNDIAL L.G.B.T.I.Q.+<\/div><\/li>\n<li><a class=\"wp-block-latest-posts__post-title\" href=\"https:\/\/hcdvillademerlo.com\/index.php\/2021\/10\/18\/ordenanza-n-vi-1001-hcd-2021\/\">ORDENANZA N\u00b0 VI-1001-HCD-2021 &#8211; APROBACI\u00d3N DE ADHESI\u00d3N A LA RED ARGENTINA DE MUNICIPIOS FRENTE AL CAMBIO CLIM\u00c1TICO<\/a><div class=\"wp-block-latest-posts__post-excerpt\">APROBACI\u00d3N DE ADHESI\u00d3N A LA RED ARGENTINA DE MUNICIPIOS FRENTE AL CAMBIO CLIM\u00c1TICO<\/div><\/li>\n<li><a class=\"wp-block-latest-posts__post-title\" href=\"https:\/\/hcdvillademerlo.com\/index.php\/2021\/10\/18\/ordenanza-n-vi-1000-hcd-2021\/\">ORDENANZA N\u00b0 VI-1000-HCD-2021 &#8211; CREACI\u00d3N DEL VIVERO MUNICIPAL<\/a><div class=\"wp-block-latest-posts__post-excerpt\">CREACI\u00d3N DEL VIVERO MUNICIPAL<\/div><\/li>\n<li><a class=\"wp-block-latest-posts__post-title\" href=\"https:\/\/hcdvillademerlo.com\/index.php\/2021\/10\/18\/ordenanza-n-vi-0998-hcd-2021\/\">ORDENANZA N\u00b0 VI-0998-HCD-2021 &#8211; CREACI\u00d3N DE LA ESCUELA DE AGROECOLOG\u00cdA<\/a><div class=\"wp-block-latest-posts__post-excerpt\">\u201cCREACI\u00d3N DE LA ESCUELA DE AGROECOLOG\u00cdA\u201d<\/div><\/li>\n<li><a class=\"wp-block-latest-posts__post-title\" href=\"https:\/\/hcdvillademerlo.com\/index.php\/2021\/10\/18\/ordenanza-n-ix-0997-2021\/\">ORDENANZA N\u00b0 IX-0997-2021 &#8211; HABILITACI\u00d3N COMERCIAL DE CARROS GASTRON\u00d3MICOS<\/a><div class=\"wp-block-latest-posts__post-excerpt\">\u201cHABILITACI\u00d3N COMERCIAL DE CARROS GASTRON\u00d3MICOS\u201d<\/div><\/li>\n<li><a class=\"wp-block-latest-posts__post-title\" href=\"https:\/\/hcdvillademerlo.com\/index.php\/2021\/10\/18\/ordenanza-n-vi-0995-hcd-2021\/\">ORDENANZA N\u00b0 VI-0995-HCD-2021 &#8211; RATIFICACI\u00d3N EXPROPIACI\u00d3N DE LA RESERVA EL RINC\u00d3N<\/a><div class=\"wp-block-latest-posts__post-excerpt\">RATIFICACI\u00d3N EXPROPIACI\u00d3N DE LA RESERVA EL RINC\u00d3N<\/div><\/li>\n<li><a class=\"wp-block-latest-posts__post-title\" href=\"https:\/\/hcdvillademerlo.com\/index.php\/2021\/10\/18\/ordenanza-no-vi-0994-hcd-2021\/\">ORDENANZA N\u00ba VI-0994-HCD-2021 &#8211; FOMENTO DEL MONTA\u00d1ISMO Y PRESERVACI\u00d3N DE SENDAS DE USO HIST\u00d3RICO Y CAMINOS DE LAS SIERRAS<\/a><div class=\"wp-block-latest-posts__post-excerpt\">\u201cFOMENTO DEL MONTA\u00d1ISMO Y PRESERVACI\u00d3N DE SENDAS DE USO HIST\u00d3RICO Y CAMINOS DE LAS SIERRAS\u201d<\/div><\/li>\n<li><a class=\"wp-block-latest-posts__post-title\" href=\"https:\/\/hcdvillademerlo.com\/index.php\/2021\/10\/15\/ordenanza-n-vii-0993-hcd-2021\/\">ORDENANZA N\u00b0 VII-0993-HCD-2021 &#8211; REGULACI\u00d3N DE FARMACIAS<\/a><div class=\"wp-block-latest-posts__post-excerpt\">\u201cREGULACI\u00d3N DE FARMACIAS\u201d<\/div><\/li>\n<li><a class=\"wp-block-latest-posts__post-title\" href=\"https:\/\/hcdvillademerlo.com\/index.php\/2021\/10\/15\/ordenanza-no-x-0992-hcd-2021\/\">ORDENANZA N\u00ba X-0992-HCD-2021 &#8211; ESCLEROSIS M\u00daLTIPLE<\/a><div class=\"wp-block-latest-posts__post-excerpt\">ESCLEROSIS M\u00daLTIPLE<\/div><\/li>\n<li><a class=\"wp-block-latest-posts__post-title\" href=\"https:\/\/hcdvillademerlo.com\/index.php\/2021\/10\/13\/ordenanza-no-x-0990-hcd-2021\/\">ORDENANZA N\u00ba X-0990-HCD-2021 &#8211; ADHESI\u00d3N LEY N\u00ba 27.130<\/a><div class=\"wp-block-latest-posts__post-excerpt\">ADHESI\u00d3N LEY N\u00ba 27.130<\/div><\/li>\n<li><a class=\"wp-block-latest-posts__post-title\" href=\"https:\/\/hcdvillademerlo.com\/index.php\/2021\/10\/13\/ordenanza-no-x-0989-hcd-2021\/\">ORDENANZA N\u00ba X-0989-HCD-2021 &#8211; REGULACI\u00d3N DEL CANNABIS PARA FINES CIENT\u00cdFICOS, MEDICINALES, TERAP\u00c9UTICOS Y\/O PALIATIVOS DEL DOLOR<\/a><div class=\"wp-block-latest-posts__post-excerpt\">\u201cREGULACI\u00d3N DEL CANNABIS PARA FINES CIENT\u00cdFICOS, MEDICINALES, TERAP\u00c9UTICOS Y\/O PALIATIVOS DEL DOLOR\u201d<\/div><\/li>\n<li><a class=\"wp-block-latest-posts__post-title\" href=\"https:\/\/hcdvillademerlo.com\/index.php\/2021\/10\/13\/ordenanza-no-x-0988-hcd-2021\/\">ORDENANZA N\u00ba X-0988-HCD-2021 &#8211; HOMOLOGA ACUERDO SIGLO 21<\/a><div class=\"wp-block-latest-posts__post-excerpt\">HOMOLOGA ACUERDO SIGLO 21<\/div><\/li>\n<li><a class=\"wp-block-latest-posts__post-title\" href=\"https:\/\/hcdvillademerlo.com\/index.php\/2021\/10\/13\/ordenanza-n-viii-0987-hcd-2021\/\">ORDENANZA N\u00b0 VIII-0987-HCD-2021 &#8211; ACUERDO COMPENSACI\u00d3N REPRESA EL AZUD<\/a><div class=\"wp-block-latest-posts__post-excerpt\">ACUERDO COMPENSACI\u00d3N \u201cREPRESA EL AZUD\u201d<\/div><\/li>\n<li><a class=\"wp-block-latest-posts__post-title\" href=\"https:\/\/hcdvillademerlo.com\/index.php\/2021\/09\/30\/ordenanza-n-iii-0986-hcd-2021\/\">ORDENANZA N\u00b0 III-0986-HCD-2021 &#8211; ACTIVIDAD F\u00cdSICA COMO ACTIVIDAD ESENCIAL ADHERIR A LA LEY N\u00ba III-1043-2020<\/a><div class=\"wp-block-latest-posts__post-excerpt\">\u201cACTIVIDAD F\u00cdSICA COMO ACTIVIDAD ESENCIAL\u201d ADHERIR A LA LEY N\u00ba III-1043-2020<\/div><\/li>\n<li><a class=\"wp-block-latest-posts__post-title\" href=\"https:\/\/hcdvillademerlo.com\/index.php\/2021\/09\/30\/ordenanza-n-vii-0985-hcd-2021\/\">ORDENANZA N\u00b0 VII-0985-HCD-2021 &#8211; AUTORIZAR AL DEM POR FORMA POR SANTILLAN<\/a><div class=\"wp-block-latest-posts__post-excerpt\">AUTORIZAR AL DEM POR FORMA POR SANTILLAN<\/div><\/li>\n<li><a class=\"wp-block-latest-posts__post-title\" href=\"https:\/\/hcdvillademerlo.com\/index.php\/2021\/09\/30\/ordenanza-n-ii-0984-hcd-2021\/\">ORDENANZA N\u00b0 II-0984-HCD-2021 &#8211; INSTITUIR SEMANA MUNICIPAL DE LA VOZ<\/a><div class=\"wp-block-latest-posts__post-excerpt\">\u201cINSTITUIR SEMANA MUNICIPAL DE LA VOZ\u201d<\/div><\/li>\n<li><a class=\"wp-block-latest-posts__post-title\" href=\"https:\/\/hcdvillademerlo.com\/index.php\/2021\/09\/30\/ordenanza-n-vii-0983-hcd-2021\/\">ORDENANZA N\u00b0 VII-0983-HCD-2021 &#8211; CUADRO TARIFAS T.P PASAJEROS 2021<\/a><div class=\"wp-block-latest-posts__post-excerpt\">CUADRO TARIFAS T.P PASAJEROS 2021<\/div><\/li>\n<li><a class=\"wp-block-latest-posts__post-title\" href=\"https:\/\/hcdvillademerlo.com\/index.php\/2021\/09\/30\/ordenanza-n-x-0980-hcd-2021\/\">ORDENANZA N\u00b0 X-0980-HCD-2021 &#8211; CREACI\u00d3N DEL COMUSE<\/a><div class=\"wp-block-latest-posts__post-excerpt\">CREA CO.PRO.SE<\/div><\/li>\n<li><a class=\"wp-block-latest-posts__post-title\" href=\"https:\/\/hcdvillademerlo.com\/index.php\/2021\/09\/30\/ordenanza-n-x-0979-hcd-2021\/\">ORDENANZA N\u00b0 X-0979-HCD-2021 &#8211; ADHERIR EN TODAS SUS PARTES A LA LEY N\u00b0 VIII-1038-2020 LEY DE PARIDAD DE G\u00c9NEROS EN \u00c1MBITOS DE REPRESENTACI\u00d3N POL\u00cdTICA<\/a><div class=\"wp-block-latest-posts__post-excerpt\">ADHERIR EN TODAS SUS PARTES A LA LEY N\u00b0 VIII-1038-2020 \u201cLEY DE PARIDAD DE G\u00c9NEROS EN \u00c1MBITOS DE REPRESENTACI\u00d3N POL\u00cdTICA\u201d<\/div><\/li>\n<li><a class=\"wp-block-latest-posts__post-title\" href=\"https:\/\/hcdvillademerlo.com\/index.php\/2021\/09\/21\/ordenanza-x-0978-hcd-2021\/\">ORDENANZA  X-0978-HCD-2021 &#8211; ESTABLECER PERIODO LEGISLATIVO A\u00d1O 2021<\/a><div class=\"wp-block-latest-posts__post-excerpt\">\u201cESTABLECER PERIODO LEGISLATIVO A\u00d1O 2021\u201d<\/div><\/li>\n<li><a class=\"wp-block-latest-posts__post-title\" href=\"https:\/\/hcdvillademerlo.com\/index.php\/2021\/09\/21\/ordenanza-n-ix-0977-hcd-2021\/\">ORDENANZA N\u00b0 IX-0977-HCD-2021 &#8211; SERVICIOS URBANOS VILLA DE MERLO SOCIEDAD DEL ESTADO<\/a><div class=\"wp-block-latest-posts__post-excerpt\">\u201cSERVICIOS URBANOS VILLA DE MERLO SOCIEDAD DEL ESTADO\u201d<\/div><\/li>\n<li><a class=\"wp-block-latest-posts__post-title\" href=\"https:\/\/hcdvillademerlo.com\/index.php\/2021\/05\/13\/ordenanza-no-x-0991-hcd-2021\/\">ORDENANZA N\u00ba X-0991-HCD-2021 &#8211; LINEA 104<\/a><div class=\"wp-block-latest-posts__post-excerpt\">LINEA 104<\/div><\/li>\n<\/ul>","protected":false},"excerpt":{"rendered":"<p>La publicaci\u00f3n de los textos aprobados en Sesi\u00f3n, no conlleva a una homologaci\u00f3n del Ejecutivo Municipal. Ordenanzas &#8211; 2021<\/p>\n","protected":false},"author":1,"featured_media":0,"parent":5857,"menu_order":0,"comment_status":"closed","ping_status":"closed","template":"","meta":{"footnotes":""},"class_list":["post-6199","page","type-page","status-publish","hentry"],"_links":{"self":[{"href":"https:\/\/hcdvillademerlo.com\/index.php\/wp-json\/wp\/v2\/pages\/6199","targetHints":{"allow":["GET"]}}],"collection":[{"href":"https:\/\/hcdvillademerlo.com\/index.php\/wp-json\/wp\/v2\/pages"}],"about":[{"href":"https:\/\/hcdvillademerlo.com\/index.php\/wp-json\/wp\/v2\/types\/page"}],"author":[{"embeddable":true,"href":"https:\/\/hcdvillademerlo.com\/index.php\/wp-json\/wp\/v2\/users\/1"}],"replies":[{"embeddable":true,"href":"https:\/\/hcdvillademerlo.com\/index.php\/wp-json\/wp\/v2\/comments?post=6199"}],"version-history":[{"count":3,"href":"https:\/\/hcdvillademerlo.com\/index.php\/wp-json\/wp\/v2\/pages\/6199\/revisions"}],"predecessor-version":[{"id":8394,"href":"https:\/\/hcdvillademerlo.com\/index.php\/wp-json\/wp\/v2\/pages\/6199\/revisions\/8394"}],"up":[{"embeddable":true,"href":"https:\/\/hcdvillademerlo.com\/index.php\/wp-json\/wp\/v2\/pages\/5857"}],"wp:attachment":[{"href":"https:\/\/hcdvillademerlo.com\/index.php\/wp-json\/wp\/v2\/media?parent=6199"}],"curies":[{"name":"wp","href":"https:\/\/api.w.org\/{rel}","templated":true}]}}