{"id":5846,"date":"2021-08-04T16:48:33","date_gmt":"2021-08-04T19:48:33","guid":{"rendered":"https:\/\/hcdvillademerlo.com\/?page_id=5846"},"modified":"2022-09-12T10:58:13","modified_gmt":"2022-09-12T13:58:13","slug":"ordenanzas-2020","status":"publish","type":"page","link":"https:\/\/hcdvillademerlo.com\/index.php\/ordenanzas-por-ano\/ordenanzas-2020\/","title":{"rendered":"Ordenanzas 2020"},"content":{"rendered":"\n<p class=\"texto-aviso-ordenanzas\"><i class=\"fa fa-info-circle\"><\/i> La publicaci\u00f3n de los textos aprobados en Sesi\u00f3n, no conlleva a una homologaci\u00f3n del Ejecutivo Municipal.<\/p>\n\n\n\n<h3 class=\"has-text-align-center wp-block-heading\">Ordenanzas &#8211; 2020<\/h3>\n\n\n\n<hr class=\"wp-block-separator\"\/>\n\n\n<ul class=\"wp-block-latest-posts__list wp-block-latest-posts\"><li><a class=\"wp-block-latest-posts__post-title\" href=\"https:\/\/hcdvillademerlo.com\/index.php\/2021\/08\/30\/ordenanza-nviii-0975-hcd-2020\/\">ORDENANZA N\u00b0VIII-0975-HCD-2020 &#8211; PROPUESTA DE MODIFICACI\u00d3N, EXIGENCIA DE MEJORAS, MANTENIMIENTO Y\/O CONSTRUCCI\u00d3N DE VEREDAS<\/a><div class=\"wp-block-latest-posts__post-excerpt\">\u201cPROPUESTA DE MODIFICACI\u00d3N, EXIGENCIA DE MEJORAS, MANTENIMIENTO Y\/O CONSTRUCCI\u00d3N DE VEREDAS\u201d<\/div><\/li>\n<li><a class=\"wp-block-latest-posts__post-title\" href=\"https:\/\/hcdvillademerlo.com\/index.php\/2021\/08\/12\/ordenanza-n-vi-0973-hcd-2020\/\">ORDENANZA N\u00b0 VI-0973-HCD-2020 &#8211; RESIDUOS DE APARATOS ELECTRICOS, ELECTRONICOS (RAEEs)<\/a><div class=\"wp-block-latest-posts__post-excerpt\">RESIDUOS DE APARATOS ELECTRICOS, ELECTRONICOS (RAEEs)<\/div><\/li>\n<li><a class=\"wp-block-latest-posts__post-title\" href=\"https:\/\/hcdvillademerlo.com\/index.php\/2021\/08\/12\/ordenanza-n-viii-0971-hcd-2020\/\">ORDENANZA N\u00b0 VIII-0971-HCD-2020 &#8211; R\u00c9GIMEN DE EJECUCI\u00d3N DIFERIDA DE LAS REDES DE INFRAESTRUCTURA<\/a><div class=\"wp-block-latest-posts__post-excerpt\">R\u00c9GIMEN DE EJECUCI\u00d3N DIFERIDA DE LAS REDES DE INFRAESTRUCTURA<\/div><\/li>\n<li><a class=\"wp-block-latest-posts__post-title\" href=\"https:\/\/hcdvillademerlo.com\/index.php\/2021\/03\/17\/ordenanza-n-vii-0968-hcd-2020\/\">ORDENANZA N\u00b0 VII-0968-HCD-2020 &#8211; PALA CARGADORA<\/a><div class=\"wp-block-latest-posts__post-excerpt\"> PALA CARGADORA<\/div><\/li>\n<li><a class=\"wp-block-latest-posts__post-title\" href=\"https:\/\/hcdvillademerlo.com\/index.php\/2021\/03\/17\/ordenanza-n-vii-0964-hcd-2020\/\">ORDENANZA N\u00b0 VII-0964-HCD-2020 &#8211; OMNIBUS PRODEPOR<\/a><div class=\"wp-block-latest-posts__post-excerpt\">OMNIBUS PRODEPOR<\/div><\/li>\n<li><a class=\"wp-block-latest-posts__post-title\" href=\"https:\/\/hcdvillademerlo.com\/index.php\/2021\/03\/17\/ordenanza-n-vii-0961-hcd-2020\/\">ORDENANZA  N\u00b0 VII-0961-HCD-2020 &#8211; AUTORIZAR LA REALIZACI\u00d3N AL AIRE LIBRE DE LAS ACTIVIDADES REGULADAS EN LA ORDENANZA VII- 0862-HCD-2018 DE NOCTURNIDAD EN LA VILLA DE MERLO<\/a><div class=\"wp-block-latest-posts__post-excerpt\">\u201cAUTORIZAR LA REALIZACI\u00d3N AL AIRE LIBRE DE LAS ACTIVIDADES REGULADAS EN LA ORDENANZA VII- 0862-HCD-2018 DE NOCTURNIDAD EN LA VILLA DE MERLO\u201d<\/div><\/li>\n<li><a class=\"wp-block-latest-posts__post-title\" href=\"https:\/\/hcdvillademerlo.com\/index.php\/2021\/03\/17\/ordenanza-n-vii-0960-hcd-2020\/\">ORDENANZA N\u00b0 VII-0960-HCD-2020 &#8211; SUBASTA<\/a><div class=\"wp-block-latest-posts__post-excerpt\">SUBASTA<\/div><\/li>\n<li><a class=\"wp-block-latest-posts__post-title\" href=\"https:\/\/hcdvillademerlo.com\/index.php\/2021\/03\/16\/ordenanza-n-vi-0958-hcd-2020\/\">ORDENANZA N\u00b0 VI-0958-HCD-2020 &#8211; ADHESI\u00d3N A LEY YOLANDA<\/a><div class=\"wp-block-latest-posts__post-excerpt\">\u201cADHESI\u00d3N A LEY YOLANDA\u201d<\/div><\/li>\n<li><a class=\"wp-block-latest-posts__post-title\" href=\"https:\/\/hcdvillademerlo.com\/index.php\/2021\/03\/16\/ordenanza-n-x-0955-hcd-2020\/\">ORDENANZA N\u00b0 X-0955-HCD-2020 &#8211; AUTORIZA COMPRA CAJA VOLCADORA<\/a><div class=\"wp-block-latest-posts__post-excerpt\">AUTORIZA COMPRA CAJA VOLCADORA<\/div><\/li>\n<li><a class=\"wp-block-latest-posts__post-title\" href=\"https:\/\/hcdvillademerlo.com\/index.php\/2021\/03\/16\/ordenanza-n-iv-0954-hcd-2020\/\">ORDENANZA N\u00b0 IV-0954-HCD-2020 &#8211; ESTABLECER PLAZOS Y BENEFICIOS PARA EL RETIRO DEL DEP\u00d3SITO MUNICIPAL DE TRANSITO DE LOS MOTOVEHICULOS CON INFRACCIONES<\/a><div class=\"wp-block-latest-posts__post-excerpt\">\u201cESTABLECER PLAZOS Y BENEFICIOS PARA EL RETIRO DEL DEP\u00d3SITO MUNICIPAL DE TRANSITO DE LOS MOTOVEHICULOS CON INFRACCIONES\u201d<\/div><\/li>\n<li><a class=\"wp-block-latest-posts__post-title\" href=\"https:\/\/hcdvillademerlo.com\/index.php\/2021\/03\/16\/5450\/\">ORDENANZA N\u00b0 X-0953-HCD-2020 &#8211; CREACI\u00d3N BOLET\u00cdN OFICIAL MUNICIPAL DIGITAL DE LA CIUDAD DE VILLA DE MERLO \u2013 SAN LUIS<\/a><div class=\"wp-block-latest-posts__post-excerpt\">CREACI\u00d3N BOLET\u00cdN OFICIAL MUNICIPAL DIGITAL DE LA CIUDAD DE VILLA DE MERLO \u2013 SAN LUIS<\/div><\/li>\n<li><a class=\"wp-block-latest-posts__post-title\" href=\"https:\/\/hcdvillademerlo.com\/index.php\/2021\/03\/15\/ordenanza-n-viii-0952-hcd-2020\/\">ORDENANZA N\u00b0 VIII-0952-HCD-2020 &#8211; MODIFICACI\u00d3N ORDENANZA N\u00b0 VIII-0646-2014<\/a><div class=\"wp-block-latest-posts__post-excerpt\">MODIFICACI\u00d3N ORDENANZA N\u00b0 VIII-0646-2014<\/div><\/li>\n<li><a class=\"wp-block-latest-posts__post-title\" href=\"https:\/\/hcdvillademerlo.com\/index.php\/2021\/03\/15\/ordenanza-n-vi-0951-hcd-2020\/\">ORDENANZA N\u00b0 VI-0951-HCD-2020 &#8211; MODIFICAR LA ORDENANZA N\u00ba839-HCD-2003 USO RACIONAL DEL AGUA<\/a><div class=\"wp-block-latest-posts__post-excerpt\">\u201cMODIFICAR LA ORDENANZA N\u00ba839-HCD-2003 USO RACIONAL DEL AGUA\u201d<\/div><\/li>\n<li><a class=\"wp-block-latest-posts__post-title\" href=\"https:\/\/hcdvillademerlo.com\/index.php\/2021\/03\/15\/ordenanza-n-x-0950-hcd-2020\/\">ORDENANZA N\u00b0 X-0950-HCD-2020 &#8211; PREHORIZONTALIDAD<\/a><div class=\"wp-block-latest-posts__post-excerpt\">PREHORIZONTALIDAD<\/div><\/li>\n<li><a class=\"wp-block-latest-posts__post-title\" href=\"https:\/\/hcdvillademerlo.com\/index.php\/2021\/03\/15\/ordenanza-n-vii-0949-hcd-2020\/\">ORDENANZA N\u00b0 VII-0949-HCD-2020 &#8211; CREACI\u00d3N DE UN FONDO ROTATORIO A CARGO DE LA AGENCIA DE DESARROLLO MERLINA<\/a><div class=\"wp-block-latest-posts__post-excerpt\">\u201cCREACI\u00d3N DE UN FONDO ROTATORIO A CARGO DE LA AGENCIA DE DESARROLLO MERLINA\u201d<\/div><\/li>\n<li><a class=\"wp-block-latest-posts__post-title\" href=\"https:\/\/hcdvillademerlo.com\/index.php\/2021\/03\/15\/ordenanza-n-x-0948-hcd-2020\/\">ORDENANZA N\u00b0 X-0948-HCD-2020 &#8211; ADHERIR A LEY DE DONACI\u00d3N DE PLASMA<\/a><div class=\"wp-block-latest-posts__post-excerpt\">ADHERIR A LEY DE DONACI\u00d3N DE PLASMA<\/div><\/li>\n<li><a class=\"wp-block-latest-posts__post-title\" href=\"https:\/\/hcdvillademerlo.com\/index.php\/2021\/03\/15\/ordenanza-n-iv-0947-hcd-2020\/\">ORDENANZA N\u00b0 IV-0947-HCD-2020 &#8211; SISTEMA DE CARGA Y DESCARGA DIN\u00c1MICA<\/a><div class=\"wp-block-latest-posts__post-excerpt\">\u201cSISTEMA DE CARGA Y DESCARGA DIN\u00c1MICA\u201d<\/div><\/li>\n<li><a class=\"wp-block-latest-posts__post-title\" href=\"https:\/\/hcdvillademerlo.com\/index.php\/2021\/03\/15\/ordenanza-n-vi-0946-hcd-2020\/\">ORDENANZA N\u00b0 VI- 0946-HCD-2020 &#8211; MODIFICAR LA ORDENANZA N\u00ba VI-0654-HCD-2014 DE CREACI\u00d3N DEL ENTE MIXTO DE PROTECCI\u00d3N ANIMAL<\/a><div class=\"wp-block-latest-posts__post-excerpt\">\u201cMODIFICAR LA ORDENANZA N\u00ba VI-0654-HCD-2014 DE CREACI\u00d3N DEL ENTE MIXTO DE PROTECCI\u00d3N ANIMAL\u201d<\/div><\/li>\n<li><a class=\"wp-block-latest-posts__post-title\" href=\"https:\/\/hcdvillademerlo.com\/index.php\/2021\/03\/15\/ordenanza-n-x-0945-hcd-2020\/\">ORDENANZA N\u00b0 X-0945-HCD-2020 &#8211; ADHESI\u00d3N LEY 27.563<\/a><div class=\"wp-block-latest-posts__post-excerpt\">ADHESI\u00d3N LEY 27.563<\/div><\/li>\n<li><a class=\"wp-block-latest-posts__post-title\" href=\"https:\/\/hcdvillademerlo.com\/index.php\/2021\/03\/15\/ordenanza-n-vii-0944-hcd-2020\/\">ORDENANZA N\u00b0 VII-0944-HCD-2020 &#8211; AUTORIZA COMPRA CAMI\u00d3N IVECO<\/a><div class=\"wp-block-latest-posts__post-excerpt\">AUTORIZA COMPRA CAMI\u00d3N IVECO<\/div><\/li>\n<li><a class=\"wp-block-latest-posts__post-title\" href=\"https:\/\/hcdvillademerlo.com\/index.php\/2021\/03\/15\/ordenanza-n-x-0943-hcd-2020\/\">ORDENANZA N\u00b0 X-0943-HCD-2020 &#8211; MODIFICA ART 1 DE ORD. 968-06 REGLAM. INTERNO<\/a><div class=\"wp-block-latest-posts__post-excerpt\">MODIFICA ART 1 DE ORD. 968-06 REGLAM. INTERNO<\/div><\/li>\n<li><a class=\"wp-block-latest-posts__post-title\" href=\"https:\/\/hcdvillademerlo.com\/index.php\/2021\/03\/15\/ordenanza-n-x-0942-hcd-2020\/\">ORDENANZA N\u00b0 X-0942-HCD-2020 &#8211; HOMOLOGA CONVENIO EDESAL<\/a><div class=\"wp-block-latest-posts__post-excerpt\">HOMOLOGA CONVENIO EDESAL<\/div><\/li>\n<li><a class=\"wp-block-latest-posts__post-title\" href=\"https:\/\/hcdvillademerlo.com\/index.php\/2021\/03\/15\/ordenanza-n-vii-0941-hcd-2020\/\">ORDENANZA N\u00b0 VII-0941-HCD-2020 &#8211; NUEVAS TARIFAS DE TAXIS AGOSTO 2020<\/a><div class=\"wp-block-latest-posts__post-excerpt\">NUEVAS TARIFAS DE TAXIS AGOSTO 2020<\/div><\/li>\n<li><a class=\"wp-block-latest-posts__post-title\" href=\"https:\/\/hcdvillademerlo.com\/index.php\/2021\/03\/15\/ordenanza-no-vi-0940-hcd-2020\/\">ORDENANZA N\u00ba VI-0940-HCD-2020 &#8211; CONTROL DE INVASORAS EN VILLA DE MERLO<\/a><div class=\"wp-block-latest-posts__post-excerpt\">\u201cCONTROL DE INVASORAS EN VILLA DE MERLO\u201d<\/div><\/li>\n<li><a class=\"wp-block-latest-posts__post-title\" href=\"https:\/\/hcdvillademerlo.com\/index.php\/2021\/03\/11\/ordenanza-n-vii-0937-hcd-2020\/\">ORDENANZA N\u00b0 VII-0937-HCD-2020 &#8211; COMPRA DIRECTA EMIPROTUR<\/a><div class=\"wp-block-latest-posts__post-excerpt\">COMPRA DIRECTA EMIPROTUR<\/div><\/li>\n<li><a class=\"wp-block-latest-posts__post-title\" href=\"https:\/\/hcdvillademerlo.com\/index.php\/2021\/03\/11\/ordenanza-n-x-0935-hcd-2020\/\">ORDENANZA N\u00b0 X- 0935-HCD-2020 &#8211; HOMOLOGAR DECRETO 25-IM-20 TRAZABILIDAD<\/a><div class=\"wp-block-latest-posts__post-excerpt\">HOMOLOGAR DECRETO 25-IM-20 TRAZABILIDAD<\/div><\/li>\n<li><a class=\"wp-block-latest-posts__post-title\" href=\"https:\/\/hcdvillademerlo.com\/index.php\/2021\/03\/11\/ordenanza-n-vii-0933-hcd-2020\/\">ORDENANZA N\u00b0 VII- 0933-HCD-2020 &#8211; G\u00d3NDOLA MERLINA<\/a><div class=\"wp-block-latest-posts__post-excerpt\">\u201cG\u00d3NDOLA MERLINA\u201d<\/div><\/li>\n<li><a class=\"wp-block-latest-posts__post-title\" href=\"https:\/\/hcdvillademerlo.com\/index.php\/2021\/03\/11\/ordenanza-n-vii-0932-hcd-2020\/\">ORDENANZA N\u00b0 VII-0932-HCD-2020 &#8211; CREAR MERCADO MUNICIPAL DE LA ECONOM\u00cdA SOCIAL, SOLIDARIA Y PRODUCTIVA LOCAL<\/a><div class=\"wp-block-latest-posts__post-excerpt\">\u201cCREAR MERCADO MUNICIPAL DE LA ECONOM\u00cdA SOCIAL, SOLIDARIA Y PRODUCTIVA LOCAL\u201d<\/div><\/li>\n<li><a class=\"wp-block-latest-posts__post-title\" href=\"https:\/\/hcdvillademerlo.com\/index.php\/2021\/03\/11\/ordenanza-n-x-0931-hcd-2020\/\">ORDENANZA N\u00b0 X-0931-HCD-2020 &#8211; REGLAMENTAR LA ORDENANZA N\u00ba 634-HCD-1996 S\u00cdMBOLOS DE MERLO<\/a><div class=\"wp-block-latest-posts__post-excerpt\"> \u201cREGLAMENTAR LA ORDENANZA N\u00ba 634-HCD-1996  \u201cS\u00cdMBOLOS DE MERLO\u201d<\/div><\/li>\n<li><a class=\"wp-block-latest-posts__post-title\" href=\"https:\/\/hcdvillademerlo.com\/index.php\/2021\/03\/11\/ordenanza-n-vii-0929-hcd-2020\/\">ORDENANZA N\u00b0 VII-0929- HCD-2020 &#8211; AGENCIA DE DESARROLLO PRODUCTIVO DE VIILA DE MERLO<\/a><div class=\"wp-block-latest-posts__post-excerpt\">AGENCIA DE DESARROLLO PRODUCTIVO DE VIILA DE MERLO<\/div><\/li>\n<li><a class=\"wp-block-latest-posts__post-title\" href=\"https:\/\/hcdvillademerlo.com\/index.php\/2021\/03\/11\/ordenanza-n-vii-0927-hcd-2020\/\">ORDENANZA N\u00b0 VII-0927-HCD-2020 &#8211; CLAVE FISCAL MUNICIPAL<\/a><div class=\"wp-block-latest-posts__post-excerpt\">CLAVE FISCAL MUNICIPAL<\/div><\/li>\n<li><a class=\"wp-block-latest-posts__post-title\" href=\"https:\/\/hcdvillademerlo.com\/index.php\/2021\/03\/11\/ordenanza-n-x-0926-hcd-2020\/\">ORDENANZA N\u00b0 X-0926-HCD-2020 &#8211; LEY MICAELA<\/a><div class=\"wp-block-latest-posts__post-excerpt\">\u201cLEY MICAELA\u201d<\/div><\/li>\n<li><a class=\"wp-block-latest-posts__post-title\" href=\"https:\/\/hcdvillademerlo.com\/index.php\/2021\/03\/11\/ordenanza-n-viii-0925-hcd-2020\/\">ORDENANZA N\u00b0 VIII-0925-HCD-2020 &#8211; ANEXO C\u00d3DIGO DE EDIFICACI\u00d3N<\/a><div class=\"wp-block-latest-posts__post-excerpt\">ANEXO &#8220;C\u00d3DIGO DE EDIFICACI\u00d3N&#8221;<\/div><\/li>\n<li><a class=\"wp-block-latest-posts__post-title\" href=\"https:\/\/hcdvillademerlo.com\/index.php\/2021\/03\/11\/ordenanza-n-vii-0924-hcd-2020\/\">ORDENANZA N\u00b0 VII-0924-HCD-2020 &#8211; ANEXO DERECHOS DE CONSTRUCCI\u00d3N<\/a><div class=\"wp-block-latest-posts__post-excerpt\">ANEXO &#8220;DERECHOS DE CONSTRUCCI\u00d3N&#8221;<\/div><\/li>\n<li><a class=\"wp-block-latest-posts__post-title\" href=\"https:\/\/hcdvillademerlo.com\/index.php\/2021\/03\/11\/ordenanza-n-x-0923-hcd-2020\/\">ORDENANZA N\u00b0 X-0923-HCD-2020 &#8211; CONCURSO MUJERES QUE HAN HECHO HISTORIA EN VILLA DE MERLO<\/a><div class=\"wp-block-latest-posts__post-excerpt\">\u201cCONCURSO MUJERES QUE HAN HECHO HISTORIA EN VILLA DE MERLO\u201d<\/div><\/li>\n<\/ul>","protected":false},"excerpt":{"rendered":"<p>La publicaci\u00f3n de los textos aprobados en Sesi\u00f3n, no conlleva a una homologaci\u00f3n del Ejecutivo Municipal. Ordenanzas &#8211; 2020<\/p>\n","protected":false},"author":1,"featured_media":0,"parent":5857,"menu_order":0,"comment_status":"closed","ping_status":"closed","template":"","meta":{"footnotes":""},"class_list":["post-5846","page","type-page","status-publish","hentry"],"_links":{"self":[{"href":"https:\/\/hcdvillademerlo.com\/index.php\/wp-json\/wp\/v2\/pages\/5846","targetHints":{"allow":["GET"]}}],"collection":[{"href":"https:\/\/hcdvillademerlo.com\/index.php\/wp-json\/wp\/v2\/pages"}],"about":[{"href":"https:\/\/hcdvillademerlo.com\/index.php\/wp-json\/wp\/v2\/types\/page"}],"author":[{"embeddable":true,"href":"https:\/\/hcdvillademerlo.com\/index.php\/wp-json\/wp\/v2\/users\/1"}],"replies":[{"embeddable":true,"href":"https:\/\/hcdvillademerlo.com\/index.php\/wp-json\/wp\/v2\/comments?post=5846"}],"version-history":[{"count":9,"href":"https:\/\/hcdvillademerlo.com\/index.php\/wp-json\/wp\/v2\/pages\/5846\/revisions"}],"predecessor-version":[{"id":8395,"href":"https:\/\/hcdvillademerlo.com\/index.php\/wp-json\/wp\/v2\/pages\/5846\/revisions\/8395"}],"up":[{"embeddable":true,"href":"https:\/\/hcdvillademerlo.com\/index.php\/wp-json\/wp\/v2\/pages\/5857"}],"wp:attachment":[{"href":"https:\/\/hcdvillademerlo.com\/index.php\/wp-json\/wp\/v2\/media?parent=5846"}],"curies":[{"name":"wp","href":"https:\/\/api.w.org\/{rel}","templated":true}]}}