{"id":4852,"date":"2021-01-28T21:43:17","date_gmt":"2021-01-28T21:43:17","guid":{"rendered":"https:\/\/hcdvillademerlo.com\/?page_id=4852"},"modified":"2026-04-09T19:00:03","modified_gmt":"2026-04-09T22:00:03","slug":"comisiones","status":"publish","type":"page","link":"https:\/\/hcdvillademerlo.com\/index.php\/comisiones\/","title":{"rendered":"Comisiones"},"content":{"rendered":"\n<h3 class=\"wp-block-heading has-text-align-center\">Comisi\u00f3n de Planeamiento Urbano y Ambiente (Comisi\u00f3n A)<\/h3>\n\n\n\n<hr class=\"wp-block-separator has-css-opacity\"\/>\n\n\n\n<figure class=\"wp-block-gallery has-nested-images columns-2 is-cropped biblioteca-comisiones wp-block-gallery-1 is-layout-flex wp-block-gallery-is-layout-flex\">\n<figure class=\"wp-block-image size-full is-style-rounded\"><img loading=\"lazy\" decoding=\"async\" width=\"400\" height=\"400\" data-id=\"11845\" src=\"https:\/\/hcdvillademerlo.com\/wp-content\/uploads\/2026\/04\/patricia-2026-a.jpg\" alt=\"\" class=\"wp-image-11845\" srcset=\"https:\/\/hcdvillademerlo.com\/wp-content\/uploads\/2026\/04\/patricia-2026-a.jpg 400w, https:\/\/hcdvillademerlo.com\/wp-content\/uploads\/2026\/04\/patricia-2026-a-300x300.jpg 300w, https:\/\/hcdvillademerlo.com\/wp-content\/uploads\/2026\/04\/patricia-2026-a-150x150.jpg 150w\" sizes=\"auto, (max-width: 400px) 100vw, 400px\" \/><figcaption class=\"wp-element-caption\"><strong><mark style=\"background-color:rgba(0, 0, 0, 0);color:#63a730\" class=\"has-inline-color\">Presidente del Concejo Mgtr. Patricia Morand\u00e9<\/mark><\/strong><\/figcaption><\/figure>\n\n\n\n<figure class=\"wp-block-image size-full is-style-rounded\"><img loading=\"lazy\" decoding=\"async\" width=\"400\" height=\"400\" data-id=\"11847\" src=\"https:\/\/hcdvillademerlo.com\/wp-content\/uploads\/2026\/04\/majo-2026.jpg\" alt=\"\" class=\"wp-image-11847\" srcset=\"https:\/\/hcdvillademerlo.com\/wp-content\/uploads\/2026\/04\/majo-2026.jpg 400w, https:\/\/hcdvillademerlo.com\/wp-content\/uploads\/2026\/04\/majo-2026-300x300.jpg 300w, https:\/\/hcdvillademerlo.com\/wp-content\/uploads\/2026\/04\/majo-2026-150x150.jpg 150w\" sizes=\"auto, (max-width: 400px) 100vw, 400px\" \/><figcaption class=\"wp-element-caption\"><strong><span style=\"color:#63a730\" class=\"has-inline-color\">Concejal Dra. Mar\u00eda Jos\u00e9 \u00c1lvarez<\/span><\/strong><\/figcaption><\/figure>\n\n\n\n<figure class=\"wp-block-image size-full is-style-rounded\"><img loading=\"lazy\" decoding=\"async\" width=\"400\" height=\"400\" data-id=\"11849\" src=\"https:\/\/hcdvillademerlo.com\/wp-content\/uploads\/2026\/04\/ana-laura-2026.jpg\" alt=\"\" class=\"wp-image-11849\" srcset=\"https:\/\/hcdvillademerlo.com\/wp-content\/uploads\/2026\/04\/ana-laura-2026.jpg 400w, https:\/\/hcdvillademerlo.com\/wp-content\/uploads\/2026\/04\/ana-laura-2026-300x300.jpg 300w, https:\/\/hcdvillademerlo.com\/wp-content\/uploads\/2026\/04\/ana-laura-2026-150x150.jpg 150w\" sizes=\"auto, (max-width: 400px) 100vw, 400px\" \/><figcaption class=\"wp-element-caption\"><strong><mark style=\"background-color:rgba(0, 0, 0, 0);color:#63a730\" class=\"has-inline-color\">Concejal Sra. Ana Laura Ferrarotti<\/mark><\/strong><\/figcaption><\/figure>\n\n\n\n<figure class=\"wp-block-image size-full is-style-rounded\"><img loading=\"lazy\" decoding=\"async\" width=\"400\" height=\"400\" data-id=\"11856\" src=\"https:\/\/hcdvillademerlo.com\/wp-content\/uploads\/2026\/04\/magui-2026.jpg\" alt=\"\" class=\"wp-image-11856\" srcset=\"https:\/\/hcdvillademerlo.com\/wp-content\/uploads\/2026\/04\/magui-2026.jpg 400w, https:\/\/hcdvillademerlo.com\/wp-content\/uploads\/2026\/04\/magui-2026-300x300.jpg 300w, https:\/\/hcdvillademerlo.com\/wp-content\/uploads\/2026\/04\/magui-2026-150x150.jpg 150w\" sizes=\"auto, (max-width: 400px) 100vw, 400px\" \/><figcaption class=\"wp-element-caption\"><strong><mark style=\"background-color:rgba(0, 0, 0, 0);color:#63a730\" class=\"has-inline-color\">Concejal Sra. Magdalena Albornoz<\/mark><\/strong><\/figcaption><\/figure>\n\n\n\n<figure class=\"wp-block-image size-full is-style-rounded\"><img loading=\"lazy\" decoding=\"async\" width=\"400\" height=\"400\" data-id=\"11858\" src=\"https:\/\/hcdvillademerlo.com\/wp-content\/uploads\/2026\/04\/lucia-2026.jpg\" alt=\"\" class=\"wp-image-11858\" srcset=\"https:\/\/hcdvillademerlo.com\/wp-content\/uploads\/2026\/04\/lucia-2026.jpg 400w, https:\/\/hcdvillademerlo.com\/wp-content\/uploads\/2026\/04\/lucia-2026-300x300.jpg 300w, https:\/\/hcdvillademerlo.com\/wp-content\/uploads\/2026\/04\/lucia-2026-150x150.jpg 150w\" sizes=\"auto, (max-width: 400px) 100vw, 400px\" \/><figcaption class=\"wp-element-caption\"><strong><mark style=\"background-color:rgba(0, 0, 0, 0);color:#63a730\" class=\"has-inline-color\">Concejal Lic. Luc\u00eda Miranda<\/mark><\/strong><\/figcaption><\/figure>\n<\/figure>\n\n\n\n<h3 class=\"wp-block-heading has-text-align-center\">Comisi\u00f3n de Econom\u00eda y Gobierno (Comisi\u00f3n B)<\/h3>\n\n\n\n<hr class=\"wp-block-separator has-css-opacity\"\/>\n\n\n\n<figure class=\"wp-block-gallery has-nested-images columns-2 is-cropped biblioteca-comisiones wp-block-gallery-2 is-layout-flex wp-block-gallery-is-layout-flex\">\n<figure class=\"wp-block-image size-full is-style-rounded\"><img loading=\"lazy\" decoding=\"async\" width=\"400\" height=\"400\" data-id=\"11845\" src=\"https:\/\/hcdvillademerlo.com\/wp-content\/uploads\/2026\/04\/patricia-2026-a.jpg\" alt=\"\" class=\"wp-image-11845\" srcset=\"https:\/\/hcdvillademerlo.com\/wp-content\/uploads\/2026\/04\/patricia-2026-a.jpg 400w, https:\/\/hcdvillademerlo.com\/wp-content\/uploads\/2026\/04\/patricia-2026-a-300x300.jpg 300w, https:\/\/hcdvillademerlo.com\/wp-content\/uploads\/2026\/04\/patricia-2026-a-150x150.jpg 150w\" sizes=\"auto, (max-width: 400px) 100vw, 400px\" \/><figcaption class=\"wp-element-caption\"><strong><mark style=\"background-color:rgba(0, 0, 0, 0);color:#63a730\" class=\"has-inline-color\">Presidente del Concejo Mgtr. Patricia Morand\u00e9<\/mark><\/strong><\/figcaption><\/figure>\n\n\n\n<figure class=\"wp-block-image size-full is-style-rounded\"><img loading=\"lazy\" decoding=\"async\" width=\"400\" height=\"400\" data-id=\"11851\" src=\"https:\/\/hcdvillademerlo.com\/wp-content\/uploads\/2026\/04\/daniel-2026.jpg\" alt=\"\" class=\"wp-image-11851\" srcset=\"https:\/\/hcdvillademerlo.com\/wp-content\/uploads\/2026\/04\/daniel-2026.jpg 400w, https:\/\/hcdvillademerlo.com\/wp-content\/uploads\/2026\/04\/daniel-2026-300x300.jpg 300w, https:\/\/hcdvillademerlo.com\/wp-content\/uploads\/2026\/04\/daniel-2026-150x150.jpg 150w\" sizes=\"auto, (max-width: 400px) 100vw, 400px\" \/><figcaption class=\"wp-element-caption\"><strong><mark style=\"background-color:rgba(0, 0, 0, 0);color:#63a730\" class=\"has-inline-color\">Concejal Sr. Daniel Oru\u00e9<\/mark><\/strong><\/figcaption><\/figure>\n\n\n\n<figure class=\"wp-block-image size-full is-style-rounded\"><img loading=\"lazy\" decoding=\"async\" width=\"400\" height=\"400\" data-id=\"11854\" src=\"https:\/\/hcdvillademerlo.com\/wp-content\/uploads\/2026\/04\/lucas-2026.jpg\" alt=\"\" class=\"wp-image-11854\" srcset=\"https:\/\/hcdvillademerlo.com\/wp-content\/uploads\/2026\/04\/lucas-2026.jpg 400w, https:\/\/hcdvillademerlo.com\/wp-content\/uploads\/2026\/04\/lucas-2026-300x300.jpg 300w, https:\/\/hcdvillademerlo.com\/wp-content\/uploads\/2026\/04\/lucas-2026-150x150.jpg 150w\" sizes=\"auto, (max-width: 400px) 100vw, 400px\" \/><figcaption class=\"wp-element-caption\"><strong><mark style=\"background-color:rgba(0, 0, 0, 0);color:#63a730\" class=\"has-inline-color\">Concejal Lic. Lucas Di Diego<\/mark><\/strong><\/figcaption><\/figure>\n\n\n\n<figure class=\"wp-block-image size-full is-style-rounded\"><img loading=\"lazy\" decoding=\"async\" width=\"400\" height=\"400\" data-id=\"11860\" src=\"https:\/\/hcdvillademerlo.com\/wp-content\/uploads\/2026\/04\/jorge-2026.jpg\" alt=\"\" class=\"wp-image-11860\" srcset=\"https:\/\/hcdvillademerlo.com\/wp-content\/uploads\/2026\/04\/jorge-2026.jpg 400w, https:\/\/hcdvillademerlo.com\/wp-content\/uploads\/2026\/04\/jorge-2026-300x300.jpg 300w, https:\/\/hcdvillademerlo.com\/wp-content\/uploads\/2026\/04\/jorge-2026-150x150.jpg 150w\" sizes=\"auto, (max-width: 400px) 100vw, 400px\" \/><figcaption class=\"wp-element-caption\"><strong><mark style=\"background-color:rgba(0, 0, 0, 0);color:#63a730\" class=\"has-inline-color\">Concejal Sr. Jorge Cornejo<\/mark><\/strong><\/figcaption><\/figure>\n\n\n\n<figure class=\"wp-block-image size-full is-style-rounded\"><img loading=\"lazy\" decoding=\"async\" width=\"400\" height=\"400\" data-id=\"11863\" src=\"https:\/\/hcdvillademerlo.com\/wp-content\/uploads\/2026\/04\/mauricio-2026.jpg\" alt=\"\" class=\"wp-image-11863\" srcset=\"https:\/\/hcdvillademerlo.com\/wp-content\/uploads\/2026\/04\/mauricio-2026.jpg 400w, https:\/\/hcdvillademerlo.com\/wp-content\/uploads\/2026\/04\/mauricio-2026-300x300.jpg 300w, https:\/\/hcdvillademerlo.com\/wp-content\/uploads\/2026\/04\/mauricio-2026-150x150.jpg 150w\" sizes=\"auto, (max-width: 400px) 100vw, 400px\" \/><figcaption class=\"wp-element-caption\"><strong><mark style=\"background-color:rgba(0, 0, 0, 0);color:#63a730\" class=\"has-inline-color\">Concejal Sr. Mauricio Lamas<\/mark><\/strong><\/figcaption><\/figure>\n<\/figure>\n","protected":false},"excerpt":{"rendered":"<p>Comisi\u00f3n de Planeamiento Urbano y Ambiente (Comisi\u00f3n A) Comisi\u00f3n de Econom\u00eda y Gobierno (Comisi\u00f3n B)<\/p>\n","protected":false},"author":1,"featured_media":0,"parent":0,"menu_order":0,"comment_status":"closed","ping_status":"closed","template":"","meta":{"footnotes":""},"class_list":["post-4852","page","type-page","status-publish","hentry"],"_links":{"self":[{"href":"https:\/\/hcdvillademerlo.com\/index.php\/wp-json\/wp\/v2\/pages\/4852","targetHints":{"allow":["GET"]}}],"collection":[{"href":"https:\/\/hcdvillademerlo.com\/index.php\/wp-json\/wp\/v2\/pages"}],"about":[{"href":"https:\/\/hcdvillademerlo.com\/index.php\/wp-json\/wp\/v2\/types\/page"}],"author":[{"embeddable":true,"href":"https:\/\/hcdvillademerlo.com\/index.php\/wp-json\/wp\/v2\/users\/1"}],"replies":[{"embeddable":true,"href":"https:\/\/hcdvillademerlo.com\/index.php\/wp-json\/wp\/v2\/comments?post=4852"}],"version-history":[{"count":56,"href":"https:\/\/hcdvillademerlo.com\/index.php\/wp-json\/wp\/v2\/pages\/4852\/revisions"}],"predecessor-version":[{"id":11868,"href":"https:\/\/hcdvillademerlo.com\/index.php\/wp-json\/wp\/v2\/pages\/4852\/revisions\/11868"}],"wp:attachment":[{"href":"https:\/\/hcdvillademerlo.com\/index.php\/wp-json\/wp\/v2\/media?parent=4852"}],"curies":[{"name":"wp","href":"https:\/\/api.w.org\/{rel}","templated":true}]}}