{"id":4845,"date":"2021-01-28T21:35:46","date_gmt":"2021-01-28T21:35:46","guid":{"rendered":"https:\/\/hcdvillademerlo.com\/?page_id=4845"},"modified":"2021-12-01T14:42:32","modified_gmt":"2021-12-01T17:42:32","slug":"preguntas-frecuentes","status":"publish","type":"page","link":"https:\/\/hcdvillademerlo.com\/index.php\/preguntas-frecuentes\/","title":{"rendered":"Preguntas Frecuentes"},"content":{"rendered":"\n<h4 class=\"has-text-align-center wp-block-heading\"><strong>\u00bfQu\u00e9 es el Concejo Deliberante?<\/strong>&nbsp;<\/h4>\n\n\n\n<hr class=\"wp-block-separator\"\/>\n\n\n\n<blockquote class=\"wp-block-quote is-layout-flow wp-block-quote-is-layout-flow\"><p>Se denomina\u202fConcejo Deliberante\u202fal Poder Legislativo o Deliberativo de los\u202fMunicipios\u202fde la\u202fRep\u00fablica Argentina.&nbsp;<\/p><br\/><p>Respetando la&nbsp;estructura de divisi\u00f3n de poderes, el Honorable Concejo Deliberante es el \u00f3rgano Legislativo Municipal.&nbsp;Es el \u00f3rgano por excelencia de la democracia,&nbsp;en \u00e9l est\u00e1n representadas las fuerzas pol\u00edticas que la ciudadan\u00eda ha votado.&nbsp;&nbsp;<\/p><br\/><p>Se dice \u201cconcejo\u201d y no \u201cconsejo\u201d porque la palabra \u201cconcejo\u201d est\u00e1 relacionada con \u201cconciliar\u201d o \u201cacordar\u201d a diferencia de la palabra \u201cconsejo\u201d que est\u00e1 relacionada con aconsejar.&nbsp;<\/p><\/blockquote>\n\n\n\n<hr class=\"wp-block-separator\"\/>\n\n\n\n<h4 class=\"has-text-align-center wp-block-heading\"><strong>\u00bfCu\u00e1l es la funci\u00f3n del Concejo Deliberante?<\/strong>&nbsp;<\/h4>\n\n\n\n<hr class=\"wp-block-separator\"\/>\n\n\n\n<blockquote class=\"wp-block-quote is-layout-flow wp-block-quote-is-layout-flow\"><p>El Concejo Deliberante\u202fes el \u00f3rgano contralor y fiscalizador del Ejecutivo Municipal,\u00a0ademas\u00a0de\u202fcontrolar las acciones encaradas por el Municipio, solicitando informes y explicaciones a sus funcionarios y funcionarias.\u00a0Esta funci\u00f3n de control es muy importante para el sistema democr\u00e1tico porque garantiza que nadie pueda hacer lo que quiera en el manejo de un gobierno.\u00a0<\/p><br\/><p>Est\u00e1 integrado por un cuerpo de concejales, cuya funci\u00f3n es la elaboraci\u00f3n de las ordenanzas que rigen las actividades que se realizan en un municipio y que no son alcanzadas por la legislaci\u00f3n provincial o nacional.\u00a0<\/p><\/blockquote>\n\n\n\n<hr class=\"wp-block-separator\"\/>\n\n\n\n<h4 class=\"has-text-align-center wp-block-heading\"><strong>\u00bfQu\u00e9 es ser un Concejal?<\/strong>&nbsp;<\/h4>\n\n\n\n<hr class=\"wp-block-separator\"\/>\n\n\n\n<blockquote class=\"wp-block-quote is-layout-flow wp-block-quote-is-layout-flow\"><p>El concejal&nbsp;es elegido por votaci\u00f3n directa mediante un sistema de representaci\u00f3n proporcional. Duran cuatro a\u00f1os en sus cargos y pueden ser reelegidos.&nbsp;<\/p><p>Los requisitos para ser concejal son los siguientes:&nbsp;<br><br>* Estar comprendido en el padr\u00f3n respectivo del municipio.<\/p><p>* Cumplir los requisitos exigidos para ser diputado provincial:<\/p><br\/><p><em><strong>ART\u00cdCULO 104. CP-<\/strong>&nbsp;Para ser diputado se requiere: 1) Ser ciudadano argentino, o naturalizado con cinco a\u00f1os de ejercicio de la ciudadan\u00eda.  2) Tener veinti\u00fan a\u00f1os cumplidos. 3) Tener tres a\u00f1os de residencia inmediata, real y continua en el departamento que represente, no causando interrupci\u00f3n la ausencia motivada por ejercicio de cargos p\u00fablicos nacionales o provinciales.<\/em><\/p><\/blockquote>\n\n\n\n<hr class=\"wp-block-separator\"\/>\n\n\n\n<h4 class=\"has-text-align-center wp-block-heading\"><strong>\u00bfCu\u00e1l es la funci\u00f3n de las y los Concejales?<\/strong>&nbsp;<\/h4>\n\n\n\n<hr class=\"wp-block-separator\"\/>\n\n\n\n<blockquote class=\"wp-block-quote is-layout-flow wp-block-quote-is-layout-flow\"><p>Como representantes directos de la ciudadan\u00eda, las\/os integrantes del Concejo Deliberante deben presentar proyectos y sancionar ordenanzas que respondan a las necesidades e inquietudes de la comunidad. Para cumplir con la misi\u00f3n de concejal es necesario conocer a fondo la realidad de su comunidad, sus necesidades e inquietudes, a los efectos de poder llevar adelante iniciativas que sirvan para mejorar la calidad de vida de sus habitantes, como\u00a0as\u00ed\u00a0tambi\u00e9n, aportarle soluciones a las inquietudes de los vecinos.\u00a0\u00a0<\/p><br\/><p>Las\/os Concejales deben ser las\/os aut\u00e9nticas\/os voceras\/os de la democracia, prestas\/os a atender las necesidades de las personas, con un alto sentido de la responsabilidad, honorabilidad y transparencia.\u00a0 <\/p><br\/><p>Adem\u00e1s se requiere:\u00a0Honestidad probada, capacidad de di\u00e1logo, creatividad para encontrar soluciones a los problemas que se les plantea, conocimiento de los canales aptos para peticionar o derivar asuntos y capacidad para operar su seguimiento, fortaleza para llevar adelante las empresas que se propone, convicci\u00f3n sobre la importancia de su rol para alcanzar objetivos comunitarios.<\/p><\/blockquote>\n\n\n\n<h4 class=\"has-text-align-center wp-block-heading\"><strong><strong>\u00bfQu\u00e9 requisitos exige la ley para acceder a una concejal\u00eda?<\/strong>&nbsp;<\/strong><\/h4>\n\n\n\n<hr class=\"wp-block-separator\"\/>\n\n\n\n<blockquote class=\"wp-block-quote is-layout-flow wp-block-quote-is-layout-flow\"><p> <strong>Ley N\u00ba XII-0349-2004 (5756)  Ley R\u00e9gimen Municipal<\/strong><\/p><br\/><p><strong>ARTICULO 7\u00ba.-<\/strong> Para ser elegido Intendente Municipal, concejal, presidente de Comisi\u00f3n, Intendente Comisionado, o Delegado Municipal se requiere:<\/p><p> 1. Estar comprendido en el padr\u00f3n respectivo del municipio.<\/p><p> 2. Cumplir los requisitos para ser diputado provincial.<\/p><p> 3. Tres a\u00f1os de residencia inmediata y efectiva en el Municipio.  <\/p><br\/><p><strong>ARTICULO 8\u00ba.-<\/strong> No pueden integrar los \u00f3rganos Municipales: 1\u00ba- Los que no re\u00fanan las condiciones para ser inscriptos como electores. 2\u00ba- Los funcionarios o empleados p\u00fablicos a sueldo, sea cual fuera su categor\u00eda, los militares no retirados, los condenados a penas infamantes y quebrados fraudulentos. 3\u00ba- Los miembros del Congreso Nacional y de la Legislatura Provincial. 4\u00ba- Los que estuvieren directa o indirectamente interesados en cualquier concesi\u00f3n o contrato con la Municipalidad, como obligados principales o fiadores. <\/p><\/blockquote>\n\n\n\n<h4 class=\"has-text-align-center wp-block-heading\"><strong><strong><strong>\u00bfC\u00f3mo funciona el Concejo Deliberante?<\/strong>&nbsp;<\/strong><\/strong><\/h4>\n\n\n\n<hr class=\"wp-block-separator\"\/>\n\n\n\n<blockquote class=\"wp-block-quote is-layout-flow wp-block-quote-is-layout-flow\"><p>Las\/os concejales se convocan a trav\u00e9s de sesiones.&nbsp;El HCD est\u00e1 dividido en comisiones integradas por cinco concejales cada una, que analizan por tem\u00e1ticas los expedientes ingresados.&nbsp;<\/p><p>Las comisiones son:&nbsp;Comisi\u00f3n de Planeamiento y Ambiente.  Comisi\u00f3n de Gobierno.<\/p><\/blockquote>\n\n\n\n<h4 class=\"has-text-align-center wp-block-heading\"><strong><strong><strong><strong>\u00bfQu\u00e9 es una sesi\u00f3n?<\/strong>&nbsp;<\/strong><\/strong><\/strong><\/h4>\n\n\n\n<hr class=\"wp-block-separator\"\/>\n\n\n\n<blockquote class=\"wp-block-quote is-layout-flow wp-block-quote-is-layout-flow\"><p>Es una reuni\u00f3n de concejales conducida por uno de ellos electo como presidente durante la cual se tratan asuntos de incumbencia del Concejo, de acuerdo con un Orden del D\u00eda, vot\u00e1ndose las decisiones.&nbsp;<\/p><\/blockquote>\n\n\n\n<h4 class=\"has-text-align-center wp-block-heading\"><strong><strong><strong><strong><strong>\u00bfC\u00f3mo se clasifican las sesiones?<\/strong>&nbsp;<\/strong><\/strong><\/strong><\/strong><\/h4>\n\n\n\n<hr class=\"wp-block-separator\"\/>\n\n\n\n<blockquote class=\"wp-block-quote is-layout-flow wp-block-quote-is-layout-flow\"><p>Las sesiones pueden ser:&nbsp;<\/p><p><strong>Ordinarias<\/strong>&nbsp;<br>Son las sesiones que se llevan a cabo durante los meses de marzo a junio y de agosto a diciembre. Se denomina \u201cper\u00edodo ordinario\u201d al lapso que transcurre de marzo a diciembre de cada a\u00f1o.&nbsp;<\/p><p><strong>Extraordinarias<\/strong>&nbsp;<br>Son las sesiones que se convocan fuera del calendario de sesiones ordinarias, ya sea por propia iniciativa o solicitadas por el Departamento Ejecutivo.&nbsp;<\/p><p><strong>Preparatorias<\/strong>&nbsp;<br>Son las que se desarrollan cuando se renuevan parcialmente los concejales.&nbsp;<\/p><\/blockquote>\n\n\n\n<h4 class=\"has-text-align-center wp-block-heading\"><strong><strong><strong><strong><strong><strong>\u00bfSon p\u00fablicas las sesiones del Concejo?<\/strong>&nbsp;<\/strong><\/strong><\/strong><\/strong><\/strong><\/h4>\n\n\n\n<hr class=\"wp-block-separator\"\/>\n\n\n\n<blockquote class=\"wp-block-quote is-layout-flow wp-block-quote-is-layout-flow\"><p>S\u00ed, las sesiones son de p\u00fablico acceso. <\/p><p>Actualmente se transmiten en vivo a trav\u00e9s de Facebook Live, en la p\u00e1gina oficial del Honorable Concejo Deliberante de la Villa de Merlo, accediendo desde el siguiente link: <a rel=\"noreferrer noopener\" href=\"https:\/\/www.facebook.com\/hcdvillademerlosl\" target=\"_blank\" class=\"link-redes-sociales\">www.facebook.com\/hcdvillademerlosl<\/a><\/p><\/blockquote>\n\n\n\n<h4 class=\"has-text-align-center wp-block-heading\"><strong><strong><strong><strong><strong><strong><strong>\u00bfD\u00f3nde se re\u00fanen los concejales para celebrar sus reuniones?<\/strong>&nbsp;<\/strong><\/strong><\/strong><\/strong><\/strong><\/strong><\/h4>\n\n\n\n<hr class=\"wp-block-separator\"\/>\n\n\n\n<blockquote class=\"wp-block-quote is-layout-flow wp-block-quote-is-layout-flow\"><p>En una sala especialmente equipada para tal fin, denominada \u201cRecinto de Sesiones del Honorable Concejo Deliberante\u201d.&nbsp;<\/p><\/blockquote>\n\n\n\n<h4 class=\"has-text-align-center wp-block-heading\"><strong><strong><strong><strong><strong><strong><strong><strong>\u00bfQu\u00e9 es una Ordenanza?<\/strong>&nbsp;<\/strong><\/strong><\/strong><\/strong><\/strong><\/strong><\/strong><\/h4>\n\n\n\n<hr class=\"wp-block-separator\"\/>\n\n\n\n<blockquote class=\"wp-block-quote is-layout-flow wp-block-quote-is-layout-flow\"><p>Es un dictamen destinado a legislar o dictar disposiciones de car\u00e1cter permanente o a reformar, abolir o suspender otra ordenanza o regla general.&nbsp;<\/p><\/blockquote>\n\n\n\n<h4 class=\"has-text-align-center wp-block-heading\"><strong><strong><strong><strong><strong><strong><strong><strong><strong>\u00bfQu\u00e9 es una Resoluci\u00f3n?<\/strong>&nbsp;<\/strong><\/strong><\/strong><\/strong><\/strong><\/strong><\/strong><\/strong><\/h4>\n\n\n\n<hr class=\"wp-block-separator\"\/>\n\n\n\n<blockquote class=\"wp-block-quote is-layout-flow wp-block-quote-is-layout-flow\"><p>Es una proposici\u00f3n que tiene por objeto exponer la opini\u00f3n del Concejo sobre cualquier asunto de car\u00e1cter p\u00fablico.&nbsp;<\/p><\/blockquote>\n\n\n\n<h4 class=\"has-text-align-center wp-block-heading\"><strong><strong><strong><strong><strong><strong><strong><strong><strong><strong>\u00bfD\u00f3nde funciona?&nbsp;<\/strong><\/strong><\/strong><\/strong><\/strong><\/strong><\/strong><\/strong><\/strong><\/strong><\/h4>\n\n\n\n<hr class=\"wp-block-separator\"\/>\n\n\n\n<blockquote class=\"wp-block-quote is-layout-flow wp-block-quote-is-layout-flow\"><p>Calle Independencia esq. Las Toscas, Villa de Merlo, San Luis.<strong>&nbsp;<\/strong><\/p><\/blockquote>\n\n\n\n<hr class=\"wp-block-separator\"\/>\n","protected":false},"excerpt":{"rendered":"<p>\u00bfQu\u00e9 es el Concejo Deliberante?&nbsp; Se denomina\u202fConcejo Deliberante\u202fal Poder Legislativo o Deliberativo de los\u202fMunicipios\u202fde la\u202fRep\u00fablica Argentina.&nbsp; Respetando la&nbsp;estructura de divisi\u00f3n de poderes, el Honorable Concejo Deliberante es el \u00f3rgano Legislativo Municipal.&nbsp;Es el \u00f3rgano por excelencia de la democracia,&nbsp;en \u00e9l est\u00e1n representadas las fuerzas pol\u00edticas que la ciudadan\u00eda ha votado.&nbsp;&nbsp; Se dice \u201cconcejo\u201d y no \u201cconsejo\u201d<\/p><\/div>\n<div class=\"blog-btn\"><a href=\"https:\/\/hcdvillademerlo.com\/index.php\/preguntas-frecuentes\/\" class=\"home-blog-btn\">Leer m\u00e1s<\/a><\/p>\n","protected":false},"author":1,"featured_media":0,"parent":0,"menu_order":0,"comment_status":"closed","ping_status":"closed","template":"","meta":{"footnotes":""},"class_list":["post-4845","page","type-page","status-publish","hentry"],"_links":{"self":[{"href":"https:\/\/hcdvillademerlo.com\/index.php\/wp-json\/wp\/v2\/pages\/4845","targetHints":{"allow":["GET"]}}],"collection":[{"href":"https:\/\/hcdvillademerlo.com\/index.php\/wp-json\/wp\/v2\/pages"}],"about":[{"href":"https:\/\/hcdvillademerlo.com\/index.php\/wp-json\/wp\/v2\/types\/page"}],"author":[{"embeddable":true,"href":"https:\/\/hcdvillademerlo.com\/index.php\/wp-json\/wp\/v2\/users\/1"}],"replies":[{"embeddable":true,"href":"https:\/\/hcdvillademerlo.com\/index.php\/wp-json\/wp\/v2\/comments?post=4845"}],"version-history":[{"count":64,"href":"https:\/\/hcdvillademerlo.com\/index.php\/wp-json\/wp\/v2\/pages\/4845\/revisions"}],"predecessor-version":[{"id":7627,"href":"https:\/\/hcdvillademerlo.com\/index.php\/wp-json\/wp\/v2\/pages\/4845\/revisions\/7627"}],"wp:attachment":[{"href":"https:\/\/hcdvillademerlo.com\/index.php\/wp-json\/wp\/v2\/media?parent=4845"}],"curies":[{"name":"wp","href":"https:\/\/api.w.org\/{rel}","templated":true}]}}